{"id":413,"date":"2024-10-11T11:50:37","date_gmt":"2024-10-11T15:50:37","guid":{"rendered":"https:\/\/aglance.in\/to\/?page_id=413"},"modified":"2025-03-01T12:52:15","modified_gmt":"2025-03-01T17:52:15","slug":"marbling-texts","status":"publish","type":"page","link":"https:\/\/aglance.in\/to\/marbling\/marbling-texts\/","title":{"rendered":"Marbling Texts"},"content":{"rendered":"\n<p>&nbsp;Being an ancient art form, there are plenty of marbling texts to pull from. Like any art, however, many of these books are designed to be utilized by the casual crafter, and the information offered is too basic. I refer to those as Craftburger Helpers. This is my attempt to sort and organize what is out there.<\/p>\n\n\n\n<p>This is only for western marbling techniques: no suminagashi, ebru, dyed, or paste papers. This also does not include catalogues.<\/p>\n\n\n\n<p><a href=\"#modern_artist_guides\">Modern Artist Guides<\/a><br><a href=\"#Historical_Marbling_Guides\">Pre-1980 Marbling Guides<\/a><br><a href=\"#History_and_Persons\">History and Persons<\/a><br><a href=\"#Artist_Books\">Artist Books<\/a><br><a href=\"#other\" title=\"Other\">Other<\/a><br><a href=\"#Craftburger_Helper_Guides\">Craftburger Helper Guides<\/a><br><a href=\"#non_english\" title=\"Non-English\">Non-English<\/a><\/p>\n\n\n\n<h4 class=\"wp-block-heading\" id=\"modern_artist_guides\">Modern Artist Guides<\/h4>\n\n\n\n<p>Brett, Kate. <em>Making Traditional Marbled Papers<\/em>. The Crowood Press, 25 Oct. 2021. 112 pages, paperback. ISBN: 9781785009570<\/p>\n\n\n\n<p>Chambers, Anne. <em>Marbling on Paper Using Oil Paints<\/em>. Search Pr Ltd, 1993. 64 pages, paperback. ISBN: 978-0855327095<\/p>\n\n\n\n<p>Chambers, Anne. <em>The Practical Guide to Marbling Paper<\/em>. Thames &amp; Hudson, 1999. 88 pages, paperback. ISBN: 978-0500274217<\/p>\n\n\n\n<p>Eisenbart, Rene. <em>The Art of Paint Marbling<\/em>. Walter Foster Publishing, 2021. 128 pages. ISBN: 978-1600588761. Paperback.<\/p>\n\n\n\n<p>Fletcher, Heather RJ. <em>Making Marbled Paper: Paint Techniques &amp; Patterns for Classic &amp; Modern Marbleizing on Paper &amp; Silk<\/em>. Fox Chapel Publishing, 2019. 160 pages. ISBN: 978-1497100435<\/p>\n\n\n\n<p>Fox, Polly.&nbsp;<em>A Marbler&#8217;s Companion: Common problems &amp; solutions.<\/em>&nbsp;Fresh Ink Press. Taos, NM. 1991. 30 pages. <\/p>\n\n\n\n<p>Grunebaum, Gabriele. <em>How to Marbleize Paper<\/em>. Dover Publications, 1984. 32 pages, paperback. ISBN: 978-0486246512<\/p>\n\n\n\n<p>Grunebaum, Gabriele. <em>Techniques for Marbleizing Paper<\/em>. Dover Publications, 1992. 32 pages, paperback. ISBN: 978-0486271569<\/p>\n\n\n\n<p>Maurer-Mathison, Diane V. <em>The Ultimate Marbling Handbook : A Guide to Basic and Advanced Techniques for Marbling Paper and Fabric<\/em>. New York, Watson-Guptill Publications, 1999.<br>Paperback: \u200e 978-0823055753, 144 pages<br>Hardcover edition published by author with updated source directory<\/p>\n\n\n\n<p>Maurer-Mathison, Diane V. <em>Creating Marbled Patterns.<\/em> 20 pages, PB.<br>booklet that contains the patterning section from the <em>Ultimate Marbling Handbook<\/em>.<\/p>\n\n\n\n<p>McGrath, Lucy.<em> Contemporary Paper Marbling: Design and Technique<\/em>. Batsford, 2020. 144 pages. ISBN: 978-1849945530. Hardcover.<\/p>\n\n\n\n<p>Medeiros, Wendy Addison. <em>Marbling Techniques: How to create traditional and contemporary designs on paper and fabric<\/em>. Echo Point Books &amp; Media, 2019. 146 pages, paperback. ISBN: 978-1635618242 (originally published in 1994 by Watson-Guptill)<\/p>\n\n\n\n<p>Nevins, Iris.<em> Traditional Marbling<\/em>. 48 pages.<\/p>\n\n\n\n<p>Nevins, Iris. <em>Fabric Marbling<\/em>. 26 pages.<\/p>\n\n\n\n<p>Nevins, Iris. <em>105 Helpful Hints for the Marbler<\/em>. 25 pages.<\/p>\n\n\n\n<p>Scott, Freya. <em>Marbling: Practical Modern Techniques<\/em>. Schiffer Craft, 2020. 176 pages. ISBN: 978-0764360817. Hardcover.<\/p>\n\n\n\n<p>Schleicher, Patty and Schleicher, Mimi.&nbsp;<em>Marbled Designs: A Complete Guide to Fifty-Five Elegant Patterns<\/em>. Lark Books, Asheville, NC. 1993. 144 pages. ISBN: 978-0937274699<br><br>St. John, Daniel. <em>Contemporary Classic Marbling<\/em>. Self published; part of Chena River Marblers Intro to Watercolor class. 28 pages. Spiral bound.<br><\/p>\n\n\n\n<h3 class=\"wp-block-heading\" id=\"Historical_Marbling_Guides\">Pre-1980 Marbling Guides<\/h3>\n\n\n\n<p><strong>Cockerell, Sydney M. &nbsp;<em>Marbling Paper<\/em>. <\/strong>Bookbinding as a School Subject pamphlet no. 5. G. W. Russell and Son Limited Educational Handicrafts Hitchin Herts, Letchworth, UK. Undated. *<br>-17 pages. Illustrated and with two specimens of Cockerell paper tipped in. (Mine has a gel-git and a curled nonpareil.&nbsp;<a href=\"https:\/\/www.google.com\/url?q=https:\/\/grolierclub.omeka.net\/items\/show\/3060&amp;sa=D&amp;source=editors&amp;ust=1728912465458634&amp;usg=AOvVaw3pGBVDgquGcYIhZMeNDq4_\">The Met\u2019s has a bouquet.<\/a>)<br><br>&nbsp;<strong>Fichtenberg, M. <em>New and Complete Manual on the Making of Fancy Papers by M. Fichtenberg<\/em>.<\/strong><br>-Oak Knoll released a fancy version edited by Richard J. Wolfe.<\/p>\n\n\n\n<p><strong>Halfer, Josef. <em>The Progress of the Marbling Art from Technical Scientific Principles<\/em>. <\/strong><br>-originally published in 1894, and is in public domain<br>-Project Gutenberg link: <a href=\"https:\/\/www.gutenberg.org\/ebooks\/41241\">https:\/\/www.gutenberg.org\/ebooks\/41241<\/a><br>-Debra Tremper has translated, edited, and re-published the text. This is the version I suggest reading: Halfer, Josef. <em>The Progress of the Marbling Art from Technical Scientific Principles<\/em>. Edited by Debra Tremper. Six Penny Graphics, 2018. 130 pages, paperback. ISBN: 978-1732659506<br><br><strong>Schade, J.A.F., <em>The Marbling Art: Instructions for Comb and Turkish Marble for Bookbinders<\/em><\/strong><br>-This title was originally published in 1845, and is out of copyright.<br>-Debra Tremper has translated, edited, and re-published the text. This is the version I suggest reading:<br>Schade, J.A.F., <em>The Marbling Art: Instructions for Comb and Turkish Marble for Bookbinders<\/em>. Edited by Debra Tremper. Six Penny Graphics, 2020. 42 pages, paperback. ISBN: 978-1732659537<\/p>\n\n\n\n<p><strong>Woolnough, C.W. The Whole Art of Marbling as applied to Paper, Book Edges, Etc.&nbsp;<\/strong><br>-This title was originally published in 1884, and is out of copyright.<br>-archive.org link: <a href=\"https:\/\/archive.org\/details\/wholeartofmarbli00wool\/page\/n7\/mode\/2up\">https:\/\/archive.org\/details\/wholeartofmarbli00wool\/page\/n7\/mode\/2up<br><\/a>-Debra Tremper has edited, annotated, and re-published the text. This is the version I suggest reading:<br>Woolnough, C.W. <em>The Whole Art of Marbling as applied to Paper, Book Edges, Etc.<\/em> Edited by Debra Tremper. Six Penny Graphics, 2019. 138 pages. ISBN: 978-1732659513. Paperback.<\/p>\n\n\n\n<h4 class=\"wp-block-heading\">History and Persons<\/h4>\n\n\n\n<p>Berger, Sidney E. <em>Edward Seymour &amp; the Fancy Paper Company<\/em>. 104 pages.<\/p>\n\n\n\n<p>Dubansky, Mindell. <em>Pattern and Flow: A Golden Age of American Decorated Paper, 1960s to 2000s.<\/em> Thomas J. Watson Library, 2023. 188 pages, hardcover. ISBN: 978-0300266191<br><br>Wolfe, Richard J. <em>Marbled Paper, Its History, Techniques, and Patterns<\/em>. University of Pennsylvania Press, 1990. 260 pages, hardcover. ISBN: 978-0812281880<br>-This has been reprinted in 2018 by Oak Knoll Press with a new foreword by Sidney Berger. Paperback, ISBN: 9781584563600<\/p>\n\n\n\n<h4 class=\"wp-block-heading\">Historical Articles<\/h4>\n\n\n\n<p>Jake Benson. Curious Colors of Currency: Security Marbling on Financial Instruments During the Long Eighteenth Century. Published in the American Journal of Numismatics.<br>     <a href=\"https:\/\/nnp.wustl.edu\/library\/book\/581146?fbclid=IwY2xjawIwGzxleHRuA2FlbQIxMAABHUUjoahCdsJ8p5uNUSGA_yiZoCKe367ZGE2s5mGlluR7HyQvgT5C5eAIzQ_aem__Tjjv7i_RxQQlA_4-w1gVg\" title=\"\">-errata<\/a><\/p>\n\n\n\n<details class=\"wp-block-details is-layout-flow wp-block-details-is-layout-flow\"><summary>Download the pdf<\/summary>\n<div data-wp-interactive=\"core\/file\" class=\"wp-block-file\"><object data-wp-bind--hidden=\"!state.hasPdfPreview\" hidden class=\"wp-block-file__embed\" data=\"https:\/\/aglance.in\/to\/wp-content\/uploads\/2025\/03\/20200313-AJN-31-Offprint-Benson.pdf\" type=\"application\/pdf\" style=\"width:100%;height:600px\" aria-label=\"Embed of 20200313-AJN 31 Offprint Benson.\"><\/object><a id=\"wp-block-file--media-d3382f82-2479-41d8-891d-9761775fafcd\" href=\"https:\/\/aglance.in\/to\/wp-content\/uploads\/2025\/03\/20200313-AJN-31-Offprint-Benson.pdf\">20200313-AJN 31 Offprint Benson<\/a><a href=\"https:\/\/aglance.in\/to\/wp-content\/uploads\/2025\/03\/20200313-AJN-31-Offprint-Benson.pdf\" class=\"wp-block-file__button wp-element-button\" download aria-describedby=\"wp-block-file--media-d3382f82-2479-41d8-891d-9761775fafcd\">Download<\/a><\/div>\n<\/details>\n\n\n\n<h4 class=\"wp-block-heading\" id=\"Artist_Books\">Artist Books<\/h4>\n\n\n\n<p><em>There is no limit on the number of small print artist books that deal with marbling techniques and history. I\u2019m only listing ones that have been recommended to me or people I trust as having excellent information worth hunting down, and ones by prominent authors in the field.<\/em><\/p>\n\n\n\n<div class=\"wp-block-group\"><div class=\"wp-block-group__inner-container is-layout-constrained wp-block-group-is-layout-constrained\">\n<p><a href=\"https:\/\/web.archive.org\/web\/20230610110231\/http:\/marbling.org\/bibliographies\/the-phoebe-jane-easton-online-marbling-bibliography\/\" title=\"\">\u00a0The Phoebe Jane Easton Online Bibliography<\/a> (wayback machine link)**<br><\/p>\n<\/div><\/div>\n\n\n\n<div class=\"wp-block-group\"><div class=\"wp-block-group__inner-container is-layout-constrained wp-block-group-is-layout-constrained\">\n<div class=\"wp-block-columns are-vertically-aligned-center is-layout-flex wp-container-core-columns-is-layout-9d6595d7 wp-block-columns-is-layout-flex\">\n<div class=\"wp-block-column is-vertically-aligned-center is-layout-flow wp-block-column-is-layout-flow\" style=\"flex-basis:100%\">\n<details class=\"wp-block-details is-layout-flow wp-block-details-is-layout-flow\"><summary>downloadable pdf of website<\/summary>\n<div data-wp-interactive=\"core\/file\" class=\"wp-block-file\"><object data-wp-bind--hidden=\"!state.hasPdfPreview\" hidden class=\"wp-block-file__embed\" data=\"https:\/\/aglance.in\/to\/wp-content\/uploads\/2025\/03\/The-Phoebe-Jane-Easton-Online-Marbling-Bibliography-The-International-Marbling-Network.pdf\" type=\"application\/pdf\" style=\"width:100%;height:600px\" aria-label=\"Embed of The Phoebe Jane Easton Online Marbling Bibliography - The International Marbling Network.\"><\/object><a id=\"wp-block-file--media-5d95a334-9a49-4f17-99f0-7362fdb6e854\" href=\"https:\/\/aglance.in\/to\/wp-content\/uploads\/2025\/03\/The-Phoebe-Jane-Easton-Online-Marbling-Bibliography-The-International-Marbling-Network.pdf\">The Phoebe Jane Easton Online Marbling Bibliography &#8211; The International Marbling Network<\/a><a href=\"https:\/\/aglance.in\/to\/wp-content\/uploads\/2025\/03\/The-Phoebe-Jane-Easton-Online-Marbling-Bibliography-The-International-Marbling-Network.pdf\" class=\"wp-block-file__button wp-element-button\" download aria-describedby=\"wp-block-file--media-5d95a334-9a49-4f17-99f0-7362fdb6e854\">Download<\/a><\/div>\n<\/details>\n<\/div>\n<\/div>\n<\/div><\/div>\n\n\n\n<p><br><strong>Fridge, Karli. <em>Alchemy &amp; Marbling<\/em>. <\/strong>The Netherlands, Joppe, 1996. 66 pages. 100 editions.<\/p>\n\n\n\n<p>&nbsp;<strong>Wolfe, Richard J. <em>On Improvements in Marbling the Edges of Books and Paper, A Nineteenth Century Marbling Account Explained and Illustrated With Fourteen Original Marbled Samples<\/em>.<\/strong> Newtown, PA: Bird &amp; Bull Press, 1983. 64 pages, followed by tipped in samples.&nbsp;<\/p>\n\n\n\n<ul class=\"wp-block-list\">\n<li>First edition, limited to 350 numbered copies (Heaney A37). Reprints the first <em>American Treatise on Marbling<\/em>, an account which appears in the April 1829 issue of the <em>Journal of the Franklin Institute <\/em>with additional text by Wolfe. Beautifully printed on handmade paper. Prospectus loosely inserted.<\/li>\n<\/ul>\n\n\n\n<h4 class=\"wp-block-heading\" id=\"other\">Other<\/h4>\n\n\n\n<p><strong>The Progress of the Art: Paper Marbling in the United States, 1880-1950. <\/strong>Thesis by Emily C. Pazar, spring 2016. https:\/\/udspace.udel.edu\/server\/api\/core\/bitstreams\/3e7e0ea8-4764-4a7d-958f-027ada75b0cb\/content<\/p>\n\n\n\n<p><strong>Society of Marbling Annual Journal<br><\/strong><\/p>\n\n\n\n<details class=\"wp-block-details is-layout-flow wp-block-details-is-layout-flow\"><summary>2004 Annual. Palowada, Marie. Society of Marbling, an International Organization.<\/summary>\n<div data-wp-interactive=\"core\/file\" class=\"wp-block-file\"><object data-wp-bind--hidden=\"!state.hasPdfPreview\" hidden class=\"wp-block-file__embed\" data=\"https:\/\/aglance.in\/to\/wp-content\/uploads\/2025\/03\/SOM_2004ANNUAL-1.pdf\" type=\"application\/pdf\" style=\"width:100%;height:600px\" aria-label=\"Embed of SOM_2004ANNUAL (1).\"><\/object><a id=\"wp-block-file--media-b000d310-7e3e-4c54-8a93-a6e84d636a1b\" href=\"https:\/\/aglance.in\/to\/wp-content\/uploads\/2025\/03\/SOM_2004ANNUAL-1.pdf\">SOM_2004ANNUAL (1)<\/a><a href=\"https:\/\/aglance.in\/to\/wp-content\/uploads\/2025\/03\/SOM_2004ANNUAL-1.pdf\" class=\"wp-block-file__button wp-element-button\" download aria-describedby=\"wp-block-file--media-b000d310-7e3e-4c54-8a93-a6e84d636a1b\">Download<\/a><\/div>\n<\/details>\n\n\n\n<details class=\"wp-block-details is-layout-flow wp-block-details-is-layout-flow\"><summary>2005 Annual. Palowoda, Marie. <em>Society of Marbling, an International Organization<\/em>.<\/summary>\n<div data-wp-interactive=\"core\/file\" class=\"wp-block-file\"><object data-wp-bind--hidden=\"!state.hasPdfPreview\" hidden class=\"wp-block-file__embed\" data=\"https:\/\/aglance.in\/to\/wp-content\/uploads\/2025\/03\/SOM_2005ANNUAL.pdf\" type=\"application\/pdf\" style=\"width:100%;height:600px\" aria-label=\"Embed of SOM_2005ANNUAL.\"><\/object><a id=\"wp-block-file--media-8feff090-0ef6-48b0-ab3c-7a1423d6b709\" href=\"https:\/\/aglance.in\/to\/wp-content\/uploads\/2025\/03\/SOM_2005ANNUAL.pdf\">SOM_2005ANNUAL<\/a><a href=\"https:\/\/aglance.in\/to\/wp-content\/uploads\/2025\/03\/SOM_2005ANNUAL.pdf\" class=\"wp-block-file__button wp-element-button\" download aria-describedby=\"wp-block-file--media-8feff090-0ef6-48b0-ab3c-7a1423d6b709\">Download<\/a><\/div>\n<\/details>\n\n\n\n<details class=\"wp-block-details is-layout-flow wp-block-details-is-layout-flow\"><summary>2006 Annual. Benson, Jake. Society of Marbling, an International Organization.<\/summary>\n<div data-wp-interactive=\"core\/file\" class=\"wp-block-file\"><object data-wp-bind--hidden=\"!state.hasPdfPreview\" hidden class=\"wp-block-file__embed\" data=\"https:\/\/aglance.in\/to\/wp-content\/uploads\/2025\/03\/SOM_2006Annual.pdf\" type=\"application\/pdf\" style=\"width:100%;height:600px\" aria-label=\"Embed of Society of Marbling 2006 &lt;br&gt;Annual.\"><\/object><a id=\"wp-block-file--media-ac4c0552-df47-45e5-9fea-e3e37d7ca97b\" href=\"https:\/\/aglance.in\/to\/wp-content\/uploads\/2025\/03\/SOM_2006Annual.pdf\">Society of Marbling 2006 <br>Annual<\/a><a href=\"https:\/\/aglance.in\/to\/wp-content\/uploads\/2025\/03\/SOM_2006Annual.pdf\" class=\"wp-block-file__button wp-element-button\" download aria-describedby=\"wp-block-file--media-ac4c0552-df47-45e5-9fea-e3e37d7ca97b\">Download<\/a><\/div>\n<\/details>\n\n\n\n<p><br><\/p>\n\n\n\n<h4 class=\"wp-block-heading\" id=\"Craftburger_Helper_Guides\">Craftburger Helper Guides<\/h4>\n\n\n\n<p>Akers, Robert C.&nbsp;<em>Marbling<\/em>. Dryad Leaflet 505. The Dryad Press. Leicester, UK. 1976.<br>-15 pages. Illustrated, mainly via color photographs.*<br><\/p>\n\n\n\n<p>Bates, J.S. Hewitt, and Halliday, J.&nbsp;<em><strong>Three Methods of Marbling.<\/strong><\/em>&nbsp;Dryad Leaflet No. 74. The Dryad Press. Leicester, UK. Undated. *<br>-15 pages. Limited illustrations and black-and white photographs.<br><\/p>\n\n\n\n<p>Maksimovic, Natascha.<em><strong> Paper Marbling: Learn in a Weekend.<\/strong> <\/em>Skittledog, 2024. 80 pages.ISBN: 978-1837760336. Paperback.<\/p>\n\n\n\n<p>Shah, Zeena. <strong><em>Marbling: Projects, design ideas and techniques for a more colourful life<\/em>.<\/strong> Quadrille Publishing, 2022. 160 pages. ISBN: 978-1787138407. Paperback.<\/p>\n\n\n\n<h3 class=\"wp-block-heading\" id=\"non_english\">Non-English<\/h3>\n\n\n\n<p>Gai\u00dfer, Gudrun.&nbsp;<em>Marmorieren auf Seide, Leinen und andere Gewebe<\/em>. Frech Verlag GmbH. Stuttgart. 1999. 48 pages.<br><br>Gai\u00dfer, Eberhard.&nbsp;<em>Marmorieren, eine orientalische F\u00e4rbetechnik f\u00fcr Papier und andere Materialien<\/em>. Frech Verlag GmbH. Stuttgart. 1999. 48 pages.<\/p>\n\n\n\n<p><\/p>\n\n\n\n<p>The following additions to this list can be credited to:<br>* Allison Smith, <a href=\"https:\/\/asmithmarbling.substack.com\/\" target=\"_blank\" rel=\"noreferrer noopener\">https:\/\/asmithmarbling.substack.com\/<\/a><br>** Jake Benson<\/p>\n\n\n\n<hr class=\"wp-block-separator has-alpha-channel-opacity is-style-wide\"\/>\n\n\n\n<p>If I&#8217;m missing a text you think should be on here, add a comment.<\/p>\n\n\n\t<div id=\"respond\" class=\"comment-respond wp-block-post-comments-form\">\n\t\t<h3 id=\"reply-title\" class=\"comment-reply-title\">Leave a Reply <small><a rel=\"nofollow\" id=\"cancel-comment-reply-link\" href=\"\/to\/wp-json\/wp\/v2\/pages\/413#respond\" style=\"display:none;\">Cancel reply<\/a><\/small><\/h3><form action=\"https:\/\/aglance.in\/to\/wp-comments-post.php\" method=\"post\" id=\"commentform\" class=\"comment-form\"><p class=\"comment-notes\"><span id=\"email-notes\">Your email address will not be published.<\/span> <span class=\"required-field-message\">Required fields are marked <span class=\"required\">*<\/span><\/span><\/p><p class=\"comment-form-comment\"><label for=\"comment\">Comment <span class=\"required\">*<\/span><\/label> <textarea id=\"comment\" name=\"comment\" cols=\"45\" rows=\"8\" maxlength=\"65525\" required><\/textarea><\/p><p class=\"comment-form-author\"><label for=\"author\">Name <span class=\"required\">*<\/span><\/label> <input id=\"author\" name=\"author\" type=\"text\" value=\"\" size=\"30\" maxlength=\"245\" autocomplete=\"name\" required \/><\/p>\n<p class=\"comment-form-email\"><label for=\"email\">Email <span class=\"required\">*<\/span><\/label> <input id=\"email\" name=\"email\" type=\"email\" value=\"\" size=\"30\" maxlength=\"100\" aria-describedby=\"email-notes\" autocomplete=\"email\" required \/><\/p>\n<p class=\"comment-form-url\"><label for=\"url\">Website<\/label> <input id=\"url\" name=\"url\" type=\"url\" value=\"\" size=\"30\" maxlength=\"200\" autocomplete=\"url\" \/><\/p>\n<p class=\"comment-form-cookies-consent\"><input id=\"wp-comment-cookies-consent\" name=\"wp-comment-cookies-consent\" type=\"checkbox\" value=\"yes\" \/> <label for=\"wp-comment-cookies-consent\">Save my name, email, and website in this browser for the next time I comment.<\/label><\/p>\n<p class=\"form-submit\"><input name=\"submit\" type=\"submit\" id=\"submit\" class=\"submit\" value=\"Post Comment\" \/> <input type='hidden' name='comment_post_ID' value='413' id='comment_post_ID' \/>\n<input type='hidden' name='comment_parent' id='comment_parent' value='0' \/>\n<\/p><\/form>\t<\/div><!-- #respond -->\n\t\n\n\n<p><\/p>\n","protected":false},"excerpt":{"rendered":"<p>&nbsp;Being an ancient art form, there are plenty of marbling texts to pull from. Like any art, however, many of these books are designed to be utilized by the casual crafter, and the information offered is too basic. I refer to those as Craftburger Helpers. This is my attempt to sort and organize what is&#8230;<\/p>\n","protected":false},"author":2,"featured_media":0,"parent":29,"menu_order":0,"comment_status":"open","ping_status":"closed","template":"","meta":{"footnotes":""},"class_list":["post-413","page","type-page","status-publish","hentry"],"aioseo_notices":[],"_links":{"self":[{"href":"https:\/\/aglance.in\/to\/wp-json\/wp\/v2\/pages\/413","targetHints":{"allow":["GET"]}}],"collection":[{"href":"https:\/\/aglance.in\/to\/wp-json\/wp\/v2\/pages"}],"about":[{"href":"https:\/\/aglance.in\/to\/wp-json\/wp\/v2\/types\/page"}],"author":[{"embeddable":true,"href":"https:\/\/aglance.in\/to\/wp-json\/wp\/v2\/users\/2"}],"replies":[{"embeddable":true,"href":"https:\/\/aglance.in\/to\/wp-json\/wp\/v2\/comments?post=413"}],"version-history":[{"count":9,"href":"https:\/\/aglance.in\/to\/wp-json\/wp\/v2\/pages\/413\/revisions"}],"predecessor-version":[{"id":492,"href":"https:\/\/aglance.in\/to\/wp-json\/wp\/v2\/pages\/413\/revisions\/492"}],"up":[{"embeddable":true,"href":"https:\/\/aglance.in\/to\/wp-json\/wp\/v2\/pages\/29"}],"wp:attachment":[{"href":"https:\/\/aglance.in\/to\/wp-json\/wp\/v2\/media?parent=413"}],"curies":[{"name":"wp","href":"https:\/\/api.w.org\/{rel}","templated":true}]}}